{"id":322,"date":"2021-05-06T13:47:02","date_gmt":"2021-05-06T11:47:02","guid":{"rendered":"https:\/\/inwienleben.at\/datenschutzerklaerung\/"},"modified":"2021-05-06T13:47:02","modified_gmt":"2021-05-06T11:47:02","slug":"datenschutzerklaerung","status":"publish","type":"page","link":"https:\/\/inwienleben.at\/tr\/datenschutzerklaerung\/","title":{"rendered":"Datenschutz und rechtliche Hinweise"},"content":{"rendered":"\n<h2 class=\"wp-block-heading\">Inhalt der inwienleben.at-Seite:<\/h2>\n\n\n\n<p>Die Seite enth\u00e4lt Informationen \u00fcber die Befragung \u201eWeniger Barrieren \u2013 mehr Wien\u201c und bietet die M\u00f6glichkeit, online an der Befragung teilzunehmen. Jegliche auf dieser Seite enthaltenen Angaben dienen ausschlie\u00dflich der Information und diese sind so verst\u00e4ndlich wie m\u00f6glich gehalten.<\/p>\n\n\n\n<p>Im Hinblick auf die technischen Eigenschaften des Internet kann keine Gew\u00e4hr f\u00fcr die Authentizit\u00e4t, Richtigkeit und Vollst\u00e4ndigkeit der im Internet zur Verf\u00fcgung gestellten Informationen \u00fcbernommen werden. Es wird auch keine Gew\u00e4hr f\u00fcr die Verf\u00fcgbarkeit oder den Betrieb der gegenst\u00e4ndlichen Seite und ihrer Inhalte \u00fcbernommen. Der FSW beh\u00e4lt sich das Recht vor, \u00c4nderungen zu eventuell angegebenen Terminen und Verf\u00fcgbarkeit jederzeit ohne Ank\u00fcndigung vorzunehmen.<\/p>\n\n\n\n<h2 class=\"wp-block-heading\">Erkl\u00e4rung zur Datenerhebung (Analyse und Optimierung der Webseite)<\/h2>\n\n\n\n<p>Wir verwenden zur Analyse und Optimierung unserer Webseite ein Webanalytik-Programm, welches folgende Daten sammelt:<\/p>\n\n\n\n<ul class=\"wp-block-list\"><li>IP-Adresse, die durch Verk\u00fcrzen&nbsp;<strong>anonymisiert<\/strong>&nbsp;wird<\/li><li>Art des Betriebssystems<\/li><li>Art und Version des Browsers<\/li><li>Ger\u00e4tetyp (Computer, Handy), Marke, Modell und Bildschirmaufl\u00f6sung<\/li><li>auf der Webseite besuchte Seiten<\/li><li>Spracheinstellung des Browsers<\/li><li>Land und Region der BesucherInnen<\/li><li>Zeitpunkte der Seitenaufrufe<\/li><li>Art der HTML-Anfragen<\/li><li>vom Browser unterst\u00fctzte Techniken und Formate (z. B. Cookies, Java, Flash, PDF, WindowsMedia, QuickTime, Realplayer, Director, SilverLight, Google Gears)<\/li><li>Anzahl der unterschiedlichen BesucherInnen unserer Webseite (erfasst durch Cookies)<\/li><li>die vor dem Besuch unserer Webseite zuletzt besuchte Seite, sofern sie der Internetbrowser \u00fcbermittelt<\/li><\/ul>\n\n\n\n<p>Diese Daten werden nicht verwendet, um BesucherInnen der Webseite pers\u00f6nlich zu identifizieren. Auf den Cookies werden keine userbezogenen Daten gespeichert. Die Cookies werden verwendet, um die Einstellungen zur Barrierefreiheit zu speichern (G\u00fcltigkeit 1 Jahr), und BesucherInnen innerhalb eines Besuchs wiederzuerkennen (G\u00fcltigkeit bis zum Beenden des Browsers). Im Falle eines Log-ins: automatischer Log-in, wenn BenutzerInnen beim Log-in \u201eAngemeldet bleiben\u201c ausw\u00e4hlen (G\u00fcltigkeit 2 Wochen).<\/p>\n\n\n\n<h3 class=\"wp-block-heading\"><strong>M\u00f6glichkeiten des Widerspruchs<\/strong><\/h3>\n\n\n\n<p>Wenn Sie der anonymisierten Datenerfassung nicht zustimmen wollen, k\u00f6nnen Sie folgende Einstellungen vornehmen:<\/p>\n\n\n\n<ol class=\"wp-block-list\" type=\"1\"><li>In Ihrem Browser k\u00f6nnen Sie die Einstellung \u201eDo-Not-Track\u201c\/\u201eNicht folgen\u201c ausw\u00e4hlen. Diese Einstellung bewirkt, dass unser Statistik-Server keine, auch keine anonymisierten Daten Ihrer Webseiten-Besuche speichert. Das funktioniert aber nur, solange Sie dasselbe Ger\u00e4t und denselben Browser verwenden. Bei Wechsel des Ger\u00e4ts oder Browsers gehen die Einstellungen verloren und m\u00fcssen erneut vorgenommen werden. (Diese Einstellung gilt immer nur f\u00fcr das jeweilige Ger\u00e4t und den jeweiligen Browser, auf denen diese Einstellung vorgenommen wurde.)<\/li><li>Aktivieren Sie die Funktion \u201eopt-out\u201c. Wenn Sie im folgenden \u201eIframe\u201c das Kontrollk\u00e4stchen anklicken, wird die Datenerfassung gestoppt. Sie k\u00f6nnen diese auch wieder durch Entfernen des H\u00e4kchens aktivieren. Damit wir erkennen, dass Sie diese Einstellung gew\u00e4hlt haben, m\u00fcssen wir ein Cookie in Ihrem Browser speichern. Sollten Sie dieses Cookie l\u00f6schen oder einen anderen Computer\/Browser verwenden, m\u00fcssen Sie das Kontrollk\u00e4stchen erneut durch Anklicken aktivieren, falls Sie nicht wollen, dass Daten erfasst werden.<br><\/li><\/ol>\n\n\n\n<iframe style=\"border: 0; height: 100%; width: 100%;\" src=\"https:\/\/statistik.fsw.at\/index.php?module=CoreAdminHome&#038;action=optOut&#038;language=de&#038;backgroundColor=&#038;fontColor=&#038;fontSize=20px&#038;fontFamily=Segoe UI\"><\/iframe>\n\n\n\n<p>Mit dem Zugriff auf die Seite inwienleben.at und deren Nutzung akzeptieren Sie diese Bestimmungen ohne jede Beschr\u00e4nkung oder Einschr\u00e4nkung. Ihr Zugriff auf die inwienleben.at-Seite ist daher diesen Bestimmungen sowie allen anwendbaren Gesetzen unterworfen.<\/p>\n\n\n\n<h2 class=\"wp-block-heading\">Urheberrecht<\/h2>\n\n\n\n<p>Der gesamte Inhalt dieser Seite ist urheberrechtlich gesch\u00fctzt. Informationen, Texte, Bilder oder Grafiken dieser Seite d\u00fcrfen nicht, weder im Ganzen noch in Teilen, zu irgendeinem Zweck ohne unsere vorherige schriftliche Zustimmung vervielf\u00e4ltigt, ver\u00e4ndert, weitergeleitet, lizensiert oder ver\u00f6ffentlicht werden.<\/p>\n\n\n\n<h2 class=\"wp-block-heading\"><strong>Warenzeichen<\/strong><\/h2>\n\n\n\n<p>Alle auf dieser Seite sichtbaren Warenzeichen, Logos und Dienstleistungsmarken sind Eigentum des FSW oder von Dritten. Es ist untersagt, diese ohne die schriftliche Genehmigung des FSW oder eines solchen Dritten in irgendeiner Weise zu nutzen, herunterzuladen, zu kopieren oder zu vertreiben.<\/p>\n\n\n\n<h2 class=\"wp-block-heading\"><strong>Hyperlinks<\/strong><\/h2>\n\n\n\n<p>Die inwienleben.at-Seite kann Hypertext-Links zu anderen Internet-Seiten enthalten, die von dieser Seite v\u00f6llig unabh\u00e4ngig sind. Der FSW \u00fcbernimmt diesbez\u00fcglich keine Haftung, insbesondere nicht f\u00fcr deren Inhalt und die Genauigkeit, Vollst\u00e4ndigkeit oder Authentizit\u00e4t der in einem dieser Hypertext-Links oder einer anderen Internet-Seite enthaltenen Informationen. Der Zugriff auf irgendwelche anderen, mit der inwienleben.at-Seite verkn\u00fcpften Internet-Seiten erfolgt auf Ihre eigene Verantwortung.<\/p>\n\n\n\n<h2 class=\"wp-block-heading\"><strong>Haftungsbeschr\u00e4nkung<\/strong><\/h2>\n\n\n\n<p>Der FSW legt h\u00f6chsten Wert auf Sicherheit in der Wartung der Internetseiten und aller webbasierten Services. Jede Haftung f\u00fcr unmittelbare, mittelbare oder sonstige Sch\u00e4den, die aus der Benutzung oder Nichtverf\u00fcgbarkeit der Daten und Informationen dieser Seite erwachsen, wird unabh\u00e4ngig von deren Ursachen, soweit rechtlich zul\u00e4ssig, ausgeschlossen.<\/p>\n\n\n\n<p><\/p>\n","protected":false},"excerpt":{"rendered":"<p>Inhalt der inwienleben.at-Seite: Die Seite enth\u00e4lt Informationen \u00fcber die Befragung \u201eWeniger Barrieren \u2013 mehr Wien\u201c und bietet die M\u00f6glichkeit, online an der Befragung teilzunehmen. Jegliche auf dieser Seite enthaltenen Angaben dienen ausschlie\u00dflich der Information und diese sind so verst\u00e4ndlich wie m\u00f6glich gehalten. Im Hinblick auf die technischen Eigenschaften des Internet kann keine Gew\u00e4hr f\u00fcr die <a href=\"https:\/\/inwienleben.at\/tr\/datenschutzerklaerung\/\">Continue reading<span class=\"screen-reader-text\"> &#8220;https:\/\/inwienleben.at\/wp-content\/themes\/gridd&#8221;<\/span><\/a> <\/p>\n","protected":false},"author":1,"featured_media":0,"parent":0,"menu_order":0,"comment_status":"closed","ping_status":"open","template":"","meta":{"footnotes":""},"class_list":["post-322","page","type-page","status-publish","hentry"],"_links":{"self":[{"href":"https:\/\/inwienleben.at\/tr\/wp-json\/wp\/v2\/pages\/322","targetHints":{"allow":["GET"]}}],"collection":[{"href":"https:\/\/inwienleben.at\/tr\/wp-json\/wp\/v2\/pages"}],"about":[{"href":"https:\/\/inwienleben.at\/tr\/wp-json\/wp\/v2\/types\/page"}],"author":[{"embeddable":true,"href":"https:\/\/inwienleben.at\/tr\/wp-json\/wp\/v2\/users\/1"}],"replies":[{"embeddable":true,"href":"https:\/\/inwienleben.at\/tr\/wp-json\/wp\/v2\/comments?post=322"}],"version-history":[{"count":0,"href":"https:\/\/inwienleben.at\/tr\/wp-json\/wp\/v2\/pages\/322\/revisions"}],"wp:attachment":[{"href":"https:\/\/inwienleben.at\/tr\/wp-json\/wp\/v2\/media?parent=322"}],"curies":[{"name":"wp","href":"https:\/\/api.w.org\/{rel}","templated":true}]}}