{"id":318,"date":"2021-06-08T13:32:06","date_gmt":"2021-06-08T11:32:06","guid":{"rendered":"https:\/\/inwienleben.at\/erklaerung-zur-barrierefreiheit\/"},"modified":"2023-02-13T11:51:48","modified_gmt":"2023-02-13T10:51:48","slug":"erklaerung-zur-barrierefreiheit","status":"publish","type":"page","link":"https:\/\/inwienleben.at\/tr\/erklaerung-zur-barrierefreiheit\/","title":{"rendered":"Erkl\u00e4rung zur Barrierefreiheit"},"content":{"rendered":"\n<p><a><\/a>Der Fonds Soziales Wien ist bem\u00fcht, seine Webseiten im Einklang mit dem Wiener Antidiskriminierungsgesetz, LGBl. 35\/2004 idgF,&nbsp; zur Umsetzung der<a href=\"https:\/\/eur-lex.europa.eu\/legal-content\/DE\/TXT\/?uri=CELEX:32016L2102\"><em> <\/em><\/a><a href=\"https:\/\/eur-lex.europa.eu\/legal-content\/DE\/TXT\/?uri=CELEX:32016L2102\">Richtlinie (EU) 2016\/2102 des Europ\u00e4ischen Parlaments und des Rates vom 26. Oktober 2016 \u00fcber den barrierefreien Zugang zu den Websites und mobilen Anwendungen \u00f6ffentlicher Stellen<\/a> (Amtsblatt L 327 vom 2.12.2016, S. 1<em>) <\/em>barrierefrei zug\u00e4nglich zu machen.<\/p>\n\n\n\n<p>Diese Erkl\u00e4rung zur Barrierefreiheit gilt f\u00fcr die Website inwienleben.at<strong><\/strong><\/p>\n\n\n\n<h2 class=\"wp-block-heading\"><strong>Stand der Vereinbarkeit mit den Anforderungen<\/strong><\/h2>\n\n\n\n<p><a><\/a>Diese Website ist wegen der folgenden Unvereinbarkeiten und Ausnahmen teilweisemit<strong>Konformit\u00e4tsstufe AA der &#8220;Richtlinien f\u00fcr barrierefreie Webinhalte Web \u2013<\/strong><a href=\"https:\/\/www.w3.org\/TR\/WCAG21\/\"><strong> <\/strong><\/a><a href=\"https:\/\/www.w3.org\/TR\/WCAG21\/\"><strong>WCAG 2.1<\/strong><\/a><strong>&#8220;<\/strong> beziehungsweise mit dem geltenden Europ\u00e4ischen Standard EN 301 549 V2.1.2 (2018-08) vereinbar.<\/p>\n\n\n\n<h2 class=\"wp-block-heading\"><strong>Nicht barrierefreie Inhalte<\/strong><\/h2>\n\n\n\n<p>Die nachstehend aufgef\u00fchrten Inhalte sind aus den folgenden Gr\u00fcnden nicht barrierefrei:<\/p>\n\n\n\n<p>a) Unvereinbarkeit mit den Barrierefreiheitsbestimmungen<\/p>\n\n\n\n<ul class=\"wp-block-list\">\n<li>Einige PDF-Dokumente sind nicht barrierefrei. Beispielsweise sind PDF-Dokumente nicht getaggt, sodass sie von Screenreader-Benutzern nicht oder nur unzureichend erfasst und genutzt werden k\u00f6nnen.<\/li>\n<\/ul>\n\n\n\n<h2 class=\"wp-block-heading\"><strong>Erstellung dieser Erkl\u00e4rung zur Barrierefreiheit<\/strong><\/h2>\n\n\n\n<p><strong>Erstellungsdatum:<\/strong> Diese Erkl\u00e4rung wurde am 19.05.2021 erstellt.<\/p>\n\n\n\n<p><strong>Vorlage f\u00fcr das Statement:<\/strong> MODEL ACCESSIBILITY STATEMENT (<a href=\"https:\/\/eur-lex.europa.eu\/resource.html?uri=cellar:e1dfb98d-5aa1-11e8-ab41-01aa75ed71a1.0001.02\/DOC_2&amp;format=PDF\">https:\/\/eur-lex.europa.eu\/resource.html?uri=cellar:e1dfb98d-5aa1-11e8-ab41-01aa75ed71a1.0001.02\/DOC_2&amp;format=PDF<\/a>)<\/p>\n\n\n\n<p><strong>Grundlage des Statements:<\/strong> Die Bewertung erfolgte in Form eines Selbsttests im Mai 2021. Einzelne Seiteninhalte werden von der Redaktion bei Ver\u00f6ffentlichung neuer Inhalte regelm\u00e4\u00dfig gepr\u00fcft.<\/p>\n\n\n\n<p>Die Erkl\u00e4rung wurde zuletzt am 13.02.2023 \u00fcberpr\u00fcft.<strong><\/strong><\/p>\n\n\n\n<h2 class=\"wp-block-heading\"><a><\/a><strong>Feedback und Kontaktangaben Beschwerdem\u00f6glichkeit<\/strong><\/h2>\n\n\n\n<p><a><\/a>Sollten Sie auf unserer Seite Barrieren finden (zus\u00e4tzlich zu den in dieser Erkl\u00e4rung bereits beschriebenen) bitten wir Sie uns diese Barrieren zu melden:<\/p>\n\n\n\n<p>Per E-Mail an:<br><a href=\"mailto:webcenter@fsw.at\">webcenter@fsw.at<\/a><\/p>\n\n\n\n<p>Verantwortlich f\u00fcr diese Seite:<\/p>\n\n\n\n<p>Fonds Soziales Wien, Stabsstelle Unternehmenskommunikation<br><a href=\"mailto:webcenter@fsw.at\">webcenter@fsw.at<\/a><br><a href=\"https:\/\/www.fsw.at\/kontaktformular\">Kontaktformular<\/a><\/p>\n\n\n\n<p>Unsere Redaktion wird Ihre Meldung pr\u00fcfen und wenn notwendig die gemeldeten M\u00e4ngel beheben.<\/p>\n\n\n\n<h2 class=\"wp-block-heading\"><strong>Durchsetzungsverfahren<\/strong><\/h2>\n\n\n\n<p><a>Bei nicht zufriedenstellenden Antworten aus oben genannter Kontaktm\u00f6glichkeit k\u00f6nnen Sie<\/a> sich mittels Beschwerde an die Stelle zur Bek\u00e4mpfung von Diskriminierungen wenden. Die Stelle zur Bek\u00e4mpfung von Diskriminierungen nimmt \u00fcber das Kontaktformular Beschwerden auf elektronischem Weg entgegen.<\/p>\n\n\n\n<p><a href=\"https:\/\/www.wien.gv.at\/formularserver4\/user\/formular.aspx?pid=243b95371900481e9ed1335ccec6a26a&amp;pn=B2d555436411c4af58b94491f3869a470&amp;lang=de&amp;datamode=urlenc&amp;data=jd%2b%2ffAyuFq9ad6o33tNIaxWO7kXVCVtpXkcnmJ5xfVIBca0j12WriBbbF1Fr6c9KlBHUhnJKZVRahiQDNwMBzckIl7CMCKxaeYtZ0y%2fKAg%2bEOJMfhpXbyItekXofTWYl9mNw4amJL6dkscbxV6iJ2wuGLF7zFMicoARcJ%2b0hf5BdPyh5EF56Od%2bfObN9rObrFy97HRQthPFQy%2f8hGfWH7g%3d%3d\">Kontaktformular der Stelle zur Bek\u00e4mpfung von Diskriminierungen<\/a><\/p>\n\n\n\n<p>Diese Beschwerden werden von der Stelle zur Bek\u00e4mpfung von Diskriminierungen dahingehend gepr\u00fcft, ob sie sich auf Verst\u00f6\u00dfe gegen die Vorgaben des Wiener Antidiskriminierungsgesetzes, insbesondere M\u00e4ngel bei der Einhaltung der Barrierefreiheitsanforderungen, durch das Land oder die Gemeinde Wien oder einer dem Land oder der Gemeinde Wien zuordenbaren Einrichtung beziehen.<\/p>\n\n\n\n<p>Bei berechtigten Beschwerden hat die Stelle zur Bek\u00e4mpfung von Diskriminierungen gegen\u00fcber der betroffenen Dienststelle der Stadt Wien beziehungsweise gegen\u00fcber den betroffenen Rechtstr\u00e4gern Handlungsempfehlungen auszusprechen und Ma\u00dfnahmen vorzuschlagen, die der Beseitigung der vorliegenden M\u00e4ngel dienen.<\/p>\n\n\n\n<p><a href=\"https:\/\/www.wien.gv.at\/verwaltung\/antidiskriminierung\/barrierefreie-websites.html\">Weitere Informationen zum Beschwerdeverfahren<\/a><\/p>\n\n\n\n<p>Sind Sie von einer vermuteten Diskriminierung im Hinblick auf mangelnde Barrierefreiheit selbst betroffen, unterst\u00fctzt Sie die Stelle zur Bek\u00e4mpfung von Diskriminierungen durch Information und Beratung \u00fcber M\u00f6glichkeiten der Rechtsverfolgung.<\/p>\n","protected":false},"excerpt":{"rendered":"<p>Der Fonds Soziales Wien ist bem\u00fcht, seine Webseiten im Einklang mit dem Wiener Antidiskriminierungsgesetz, LGBl. 35\/2004 idgF,&nbsp; zur Umsetzung der Richtlinie (EU) 2016\/2102 des Europ\u00e4ischen Parlaments und des Rates vom 26. Oktober 2016 \u00fcber den barrierefreien Zugang zu den Websites und mobilen Anwendungen \u00f6ffentlicher Stellen (Amtsblatt L 327 vom 2.12.2016, S. 1) barrierefrei zug\u00e4nglich zu <a href=\"https:\/\/inwienleben.at\/tr\/erklaerung-zur-barrierefreiheit\/\">Continue reading<span class=\"screen-reader-text\"> &#8220;https:\/\/inwienleben.at\/wp-content\/themes\/gridd&#8221;<\/span><\/a> <\/p>\n","protected":false},"author":1,"featured_media":0,"parent":0,"menu_order":0,"comment_status":"closed","ping_status":"closed","template":"","meta":{"footnotes":""},"class_list":["post-318","page","type-page","status-publish","hentry"],"_links":{"self":[{"href":"https:\/\/inwienleben.at\/tr\/wp-json\/wp\/v2\/pages\/318","targetHints":{"allow":["GET"]}}],"collection":[{"href":"https:\/\/inwienleben.at\/tr\/wp-json\/wp\/v2\/pages"}],"about":[{"href":"https:\/\/inwienleben.at\/tr\/wp-json\/wp\/v2\/types\/page"}],"author":[{"embeddable":true,"href":"https:\/\/inwienleben.at\/tr\/wp-json\/wp\/v2\/users\/1"}],"replies":[{"embeddable":true,"href":"https:\/\/inwienleben.at\/tr\/wp-json\/wp\/v2\/comments?post=318"}],"version-history":[{"count":3,"href":"https:\/\/inwienleben.at\/tr\/wp-json\/wp\/v2\/pages\/318\/revisions"}],"predecessor-version":[{"id":489,"href":"https:\/\/inwienleben.at\/tr\/wp-json\/wp\/v2\/pages\/318\/revisions\/489"}],"wp:attachment":[{"href":"https:\/\/inwienleben.at\/tr\/wp-json\/wp\/v2\/media?parent=318"}],"curies":[{"name":"wp","href":"https:\/\/api.w.org\/{rel}","templated":true}]}}