{"id":123,"date":"2021-05-11T21:21:58","date_gmt":"2021-05-11T19:21:58","guid":{"rendered":"https:\/\/inwienleben.at\/?page_id=123"},"modified":"2022-02-14T10:55:15","modified_gmt":"2022-02-14T09:55:15","slug":"fewer-barriers-more-vienna","status":"publish","type":"page","link":"https:\/\/inwienleben.at\/tr\/","title":{"rendered":"Fewer barriers, more Vienna!"},"content":{"rendered":"\n<div class=\"wp-block-media-text alignwide is-stacked-on-mobile is-vertically-aligned-top\"><figure class=\"wp-block-media-text__media\"><img loading=\"lazy\" decoding=\"async\" width=\"1024\" height=\"740\" src=\"https:\/\/inwienleben.at\/wp-content\/uploads\/2021\/05\/inwienleben_flieder_final-1024x740.png\" alt=\"Menschen in Wien. Eine blinde Frau mit Taststock geht mit einem Mann \u00fcber einen Zebrastreifen. Eine Frau spricht mit einem Mann im Rollstuhl\" class=\"wp-image-8 size-full\" srcset=\"https:\/\/inwienleben.at\/wp-content\/uploads\/2021\/05\/inwienleben_flieder_final-1024x740.png 1024w, https:\/\/inwienleben.at\/wp-content\/uploads\/2021\/05\/inwienleben_flieder_final-300x217.png 300w, https:\/\/inwienleben.at\/wp-content\/uploads\/2021\/05\/inwienleben_flieder_final-768x555.png 768w, https:\/\/inwienleben.at\/wp-content\/uploads\/2021\/05\/inwienleben_flieder_final-1536x1111.png 1536w, https:\/\/inwienleben.at\/wp-content\/uploads\/2021\/05\/inwienleben_flieder_final.png 1661w\" sizes=\"auto, (max-width: 1024px) 100vw, 1024px\" \/><\/figure><div class=\"wp-block-media-text__content\">\n<p><strong>Viyana&#8217;da engellilerin veya sa\u011fl\u0131k sorunlar\u0131 olan ki\u015filerin ya\u015fam\u0131 nas\u0131ld\u0131r?<\/strong><\/p>\n\n\n\n<ul class=\"wp-block-list\"><li>Nerede \u00f6n\u00fcn\u00fcze engeller \u00e7\u0131k\u0131yor?<\/li><li>Nerede farkl\u0131 muamele g\u00f6r\u00fcyor veya olumsuz davran\u0131\u015flarla kar\u015f\u0131la\u015f\u0131yorsunuz?<\/li><li>Nas\u0131l kent ya\u015fam\u0131n\u0131n aktif bir unsuru olabilirsiniz?<\/li><li>Neyin de\u011fi\u015ftirilmesi gerekiyor?<\/li><\/ul>\n<\/div><\/div>\n\n\n\n<p>Frauenservice Wien (MA57) ve Viyana Sosyal Fonu (FSW) bu sorular\u0131n yan\u0131tlar\u0131n\u0131 bilmek istiyor.<\/p>\n","protected":false},"excerpt":{"rendered":"<p>Viyana&#8217;da engellilerin veya sa\u011fl\u0131k sorunlar\u0131 olan ki\u015filerin ya\u015fam\u0131 nas\u0131ld\u0131r? Nerede \u00f6n\u00fcn\u00fcze engeller \u00e7\u0131k\u0131yor? Nerede farkl\u0131 muamele g\u00f6r\u00fcyor veya olumsuz davran\u0131\u015flarla kar\u015f\u0131la\u015f\u0131yorsunuz? Nas\u0131l kent ya\u015fam\u0131n\u0131n aktif bir unsuru olabilirsiniz? Neyin de\u011fi\u015ftirilmesi gerekiyor? Frauenservice Wien (MA57) ve Viyana Sosyal Fonu (FSW) bu sorular\u0131n yan\u0131tlar\u0131n\u0131 bilmek istiyor.<\/p>\n","protected":false},"author":1,"featured_media":0,"parent":0,"menu_order":0,"comment_status":"closed","ping_status":"open","template":"","meta":{"footnotes":""},"class_list":["post-123","page","type-page","status-publish","hentry"],"_links":{"self":[{"href":"https:\/\/inwienleben.at\/tr\/wp-json\/wp\/v2\/pages\/123","targetHints":{"allow":["GET"]}}],"collection":[{"href":"https:\/\/inwienleben.at\/tr\/wp-json\/wp\/v2\/pages"}],"about":[{"href":"https:\/\/inwienleben.at\/tr\/wp-json\/wp\/v2\/types\/page"}],"author":[{"embeddable":true,"href":"https:\/\/inwienleben.at\/tr\/wp-json\/wp\/v2\/users\/1"}],"replies":[{"embeddable":true,"href":"https:\/\/inwienleben.at\/tr\/wp-json\/wp\/v2\/comments?post=123"}],"version-history":[{"count":7,"href":"https:\/\/inwienleben.at\/tr\/wp-json\/wp\/v2\/pages\/123\/revisions"}],"predecessor-version":[{"id":398,"href":"https:\/\/inwienleben.at\/tr\/wp-json\/wp\/v2\/pages\/123\/revisions\/398"}],"wp:attachment":[{"href":"https:\/\/inwienleben.at\/tr\/wp-json\/wp\/v2\/media?parent=123"}],"curies":[{"name":"wp","href":"https:\/\/api.w.org\/{rel}","templated":true}]}}