{"id":306,"date":"2021-06-08T12:56:08","date_gmt":"2021-06-08T10:56:08","guid":{"rendered":"https:\/\/inwienleben.at\/impressum\/"},"modified":"2022-08-25T10:43:04","modified_gmt":"2022-08-25T08:43:04","slug":"impressum","status":"publish","type":"page","link":"https:\/\/inwienleben.at\/sr\/impressum\/","title":{"rendered":"Impressum"},"content":{"rendered":"\n<h2 class=\"wp-block-heading\"><strong>Medieninhaber &amp; Herausgeber<\/strong><\/h2>\n\n\n\n<p>Fonds Soziales Wien<\/p>\n\n\n\n<p><a href=\"https:\/\/www.wien.gv.at\/stadtplan\/grafik.aspx?lang=de-AT&amp;bookmark=RB-aIRh859kXD4jdFoQC6RO5RphlRnKnmkev2pn4Mpr4C&amp;bmadr=10391811\">Guglgasse 7\u20139, 1030 Wien<\/a><br>Erreichbarkeit:&nbsp;<a href=\"https:\/\/anachb.vor.at\/bin\/query.exe\/dn?L=vs_voranachb&amp;Z=1030%20Landstra%C3%9Fe%20%28Wien%29,%20Guglgasse%207-9%20&amp;ZADR=1\">Routenplaner<\/a><\/p>\n\n\n\n<p>Tel.:&nbsp;<a href=\"tel:0505379\">05 05 379<br><\/a>Fax:&nbsp;05 05&nbsp;379 \u2013 89 10 099<br>E-Mail:&nbsp;<a href=\"mailto:kontakt@fsw.at\">kontakt@fsw.at<br><\/a>Internet:&nbsp;<a href=\"http:\/\/www.fsw.at\/\">www.fsw.at<br><\/a>UID: ATU61770024<br>Der Fonds Soziales Wien ist im&nbsp;<a href=\"https:\/\/www.gemeinderecht.wien.at\/recht\/gemeinderecht-wien\/fonds-stiftungen\/fonds\/sozialeswien.html\">Wiener Stiftungs- und Fondsregister<\/a>&nbsp;eingetragen.<\/p>\n\n\n\n<h3 class=\"wp-block-heading\">Gesch\u00e4ftsf\u00fchrerin des Fonds Soziales Wien<\/h3>\n\n\n\n<p>DSA Anita Bauer<\/p>\n\n\n\n<h3 class=\"wp-block-heading\"><strong>Stellvertretende Gesch\u00e4ftsf\u00fchrerInnen<\/strong><\/h3>\n\n\n\n<p>Ing. Michael Rosenberg, Susanne Winkler, M.A.<\/p>\n\n\n\n<h3 class=\"wp-block-heading\"><strong>F\u00fcr den Inhalt verantwortlich<\/strong><\/h3>\n\n\n\n<p>Stabsstelle Unternehmenskommunikation<\/p>\n\n\n\n<h2 class=\"wp-block-heading\"><strong>Offenlegung nach \u00a7 25 Abs. 4 Mediengesetz (Blattlinie)<\/strong><\/h2>\n\n\n\n<p>Die Seite enth\u00e4lt Informationen \u00fcber die Befragung \u201eWeniger Barrieren \u2013 mehr Wien\u201c und bietet die M\u00f6glichkeit, online an der Befragung teilzunehmen.<\/p>\n\n\n\n<h2 class=\"wp-block-heading\"><strong>Fotos<\/strong><\/h2>\n\n\n\n<p>Copyright Illustration Startseite: gettyimages \/ BRO Vector<\/p>\n\n\n\n<h2 class=\"wp-block-heading\"><strong>Hinweis f\u00fcr PDF-Dateien<\/strong><\/h2>\n\n\n\n<p>Damit Sie PDF-Dateien des FSW und seiner Tochterorganisationen \u00f6ffnen, speichern, ausdrucken und ausf\u00fcllen k\u00f6nnen, ben\u00f6tigen Sie als Programm den Adobe Acrobat Reader. Die aktuelle Version dieser Software kann kostenfrei von der Adobe-Website heruntergeladen werden. Wir empfehlen den Acrobat Reader ab der Version 7.0.<\/p>\n\n\n\n<h2 class=\"wp-block-heading\"><strong>Anfragen zur Website<\/strong><\/h2>\n\n\n\n<p><a href=\"mailto:webcenter@fsw.at\">webcenter@fsw.at<\/a><\/p>\n\n\n\n<p><a href=\"https:\/\/inwienleben.at\/sr\/datenschutzerklaerung\/\">Datenschutz und rechtliche Hinweise<\/a><\/p>\n\n\n\n<p><\/p>\n","protected":false},"excerpt":{"rendered":"<p>Medieninhaber &amp; Herausgeber Fonds Soziales Wien Guglgasse 7\u20139, 1030 WienErreichbarkeit:&nbsp;Routenplaner Tel.:&nbsp;05 05 379Fax:&nbsp;05 05&nbsp;379 \u2013 89 10 099E-Mail:&nbsp;kontakt@fsw.atInternet:&nbsp;www.fsw.atUID: ATU61770024Der Fonds Soziales Wien ist im&nbsp;Wiener Stiftungs- und Fondsregister&nbsp;eingetragen. Gesch\u00e4ftsf\u00fchrerin des Fonds Soziales Wien DSA Anita Bauer Stellvertretende Gesch\u00e4ftsf\u00fchrerInnen Ing. Michael Rosenberg, Susanne Winkler, M.A. F\u00fcr den Inhalt verantwortlich Stabsstelle Unternehmenskommunikation Offenlegung nach \u00a7 25 Abs. 4 <a href=\"https:\/\/inwienleben.at\/sr\/impressum\/\">Continue reading<span class=\"screen-reader-text\"> &#8222;https:\/\/inwienleben.at\/wp-content\/themes\/gridd&#8220;<\/span><\/a> <\/p>\n","protected":false},"author":1,"featured_media":0,"parent":0,"menu_order":0,"comment_status":"closed","ping_status":"closed","template":"","meta":{"footnotes":""},"class_list":["post-306","page","type-page","status-publish","hentry"],"_links":{"self":[{"href":"https:\/\/inwienleben.at\/sr\/wp-json\/wp\/v2\/pages\/306","targetHints":{"allow":["GET"]}}],"collection":[{"href":"https:\/\/inwienleben.at\/sr\/wp-json\/wp\/v2\/pages"}],"about":[{"href":"https:\/\/inwienleben.at\/sr\/wp-json\/wp\/v2\/types\/page"}],"author":[{"embeddable":true,"href":"https:\/\/inwienleben.at\/sr\/wp-json\/wp\/v2\/users\/1"}],"replies":[{"embeddable":true,"href":"https:\/\/inwienleben.at\/sr\/wp-json\/wp\/v2\/comments?post=306"}],"version-history":[{"count":3,"href":"https:\/\/inwienleben.at\/sr\/wp-json\/wp\/v2\/pages\/306\/revisions"}],"predecessor-version":[{"id":430,"href":"https:\/\/inwienleben.at\/sr\/wp-json\/wp\/v2\/pages\/306\/revisions\/430"}],"wp:attachment":[{"href":"https:\/\/inwienleben.at\/sr\/wp-json\/wp\/v2\/media?parent=306"}],"curies":[{"name":"wp","href":"https:\/\/api.w.org\/{rel}","templated":true}]}}