{"id":121,"date":"2021-05-11T21:05:17","date_gmt":"2021-05-11T19:05:17","guid":{"rendered":"https:\/\/inwienleben.at\/?page_id=121"},"modified":"2022-02-14T10:55:50","modified_gmt":"2022-02-14T09:55:50","slug":"fewer-barriers-more-vienna","status":"publish","type":"page","link":"https:\/\/inwienleben.at\/sr\/","title":{"rendered":"Fewer barriers, more Vienna!"},"content":{"rendered":"\n<div class=\"wp-block-media-text alignwide is-stacked-on-mobile is-vertically-aligned-top\"><figure class=\"wp-block-media-text__media\"><img loading=\"lazy\" decoding=\"async\" width=\"1024\" height=\"740\" src=\"https:\/\/inwienleben.at\/wp-content\/uploads\/2021\/05\/inwienleben_flieder_final-1024x740.png\" alt=\"Menschen in Wien. Eine blinde Frau mit Taststock geht mit einem Mann \u00fcber einen Zebrastreifen. Eine Frau spricht mit einem Mann im Rollstuhl\" class=\"wp-image-8 size-full\" srcset=\"https:\/\/inwienleben.at\/wp-content\/uploads\/2021\/05\/inwienleben_flieder_final-1024x740.png 1024w, https:\/\/inwienleben.at\/wp-content\/uploads\/2021\/05\/inwienleben_flieder_final-300x217.png 300w, https:\/\/inwienleben.at\/wp-content\/uploads\/2021\/05\/inwienleben_flieder_final-768x555.png 768w, https:\/\/inwienleben.at\/wp-content\/uploads\/2021\/05\/inwienleben_flieder_final-1536x1111.png 1536w, https:\/\/inwienleben.at\/wp-content\/uploads\/2021\/05\/inwienleben_flieder_final.png 1661w\" sizes=\"auto, (max-width: 1024px) 100vw, 1024px\" \/><\/figure><div class=\"wp-block-media-text__content\">\n<p><strong>Kako \u017eive \u017eene i mu\u0161karci sa invaliditetom ili sa zdravstvenim problemima u Be\u010du?<\/strong><\/p>\n\n\n\n<ul class=\"wp-block-list\"><li>Gde su prepreke ili barijere?<\/li><li>Na kojim mestima se prema Vama odnose druga\u010dije ili lo\u0161ije?<\/li><li>Na koji na\u010din se mo\u017eete uklju\u010diti?<\/li><li>\u0160ta se mora promeniti?<\/li><\/ul>\n<\/div><\/div>\n\n\n\n<p>Slu\u017eba za \u017eene Be\u010d (MA57) i Fond Socijalni Be\u010d (FSW) \u017eele to da znaju.<\/p>\n","protected":false},"excerpt":{"rendered":"<p>Kako \u017eive \u017eene i mu\u0161karci sa invaliditetom ili sa zdravstvenim problemima u Be\u010du? Gde su prepreke ili barijere? Na kojim mestima se prema Vama odnose druga\u010dije ili lo\u0161ije? Na koji na\u010din se mo\u017eete uklju\u010diti? \u0160ta se mora promeniti? Slu\u017eba za \u017eene Be\u010d (MA57) i Fond Socijalni Be\u010d (FSW) \u017eele to da znaju.<\/p>\n","protected":false},"author":1,"featured_media":0,"parent":0,"menu_order":0,"comment_status":"closed","ping_status":"open","template":"","meta":{"footnotes":""},"class_list":["post-121","page","type-page","status-publish","hentry"],"_links":{"self":[{"href":"https:\/\/inwienleben.at\/sr\/wp-json\/wp\/v2\/pages\/121","targetHints":{"allow":["GET"]}}],"collection":[{"href":"https:\/\/inwienleben.at\/sr\/wp-json\/wp\/v2\/pages"}],"about":[{"href":"https:\/\/inwienleben.at\/sr\/wp-json\/wp\/v2\/types\/page"}],"author":[{"embeddable":true,"href":"https:\/\/inwienleben.at\/sr\/wp-json\/wp\/v2\/users\/1"}],"replies":[{"embeddable":true,"href":"https:\/\/inwienleben.at\/sr\/wp-json\/wp\/v2\/comments?post=121"}],"version-history":[{"count":8,"href":"https:\/\/inwienleben.at\/sr\/wp-json\/wp\/v2\/pages\/121\/revisions"}],"predecessor-version":[{"id":399,"href":"https:\/\/inwienleben.at\/sr\/wp-json\/wp\/v2\/pages\/121\/revisions\/399"}],"wp:attachment":[{"href":"https:\/\/inwienleben.at\/sr\/wp-json\/wp\/v2\/media?parent=121"}],"curies":[{"name":"wp","href":"https:\/\/api.w.org\/{rel}","templated":true}]}}